{"id":1589,"date":"2026-02-20T09:44:26","date_gmt":"2026-02-20T07:44:26","guid":{"rendered":"https:\/\/bk-casino10.top\/?page_id=1589"},"modified":"2026-02-25T14:27:17","modified_gmt":"2026-02-25T12:27:17","slug":"home-new","status":"publish","type":"page","link":"https:\/\/bk-casino10.top\/","title":{"rendered":"AZ main"},"content":{"rendered":"","protected":false},"excerpt":{"rendered":"","protected":false},"author":1,"featured_media":0,"parent":0,"menu_order":0,"comment_status":"closed","ping_status":"closed","template":"home-new.php","meta":{"_acf_changed":false,"footnotes":""},"class_list":["post-1589","page","type-page","status-publish","hentry"],"acf":[],"yoast_head":"<!-- This site is optimized with the Yoast SEO plugin v27.0 - https:\/\/yoast.com\/product\/yoast-seo-wordpress\/ -->\n<title>1xbet Yukle AZ \u2b50 iOS &amp; Android APK<\/title>\n<meta name=\"description\" content=\"1xBet Az\u0259rbaycan r\u0259smi sayt \u2013 y\u00fcks\u0259k \u0259msall\u0131 idman m\u0259rcl\u0259ri, 5000+ slot v\u0259 canl\u0131 kazino. AZN il\u0259 s\u00fcr\u0259tli depozit v\u0259 \u00e7\u0131xar\u0131\u015f (15 d\u0259q.\u201324 saat), ilk depozit\u0259 100% bonus, g\u00fczg\u00fc giri\u015f v\u0259 24\/7 Az\u0259rbaycan dilind\u0259 d\u0259st\u0259k\" \/>\n<meta name=\"robots\" content=\"index, follow, max-snippet:-1, max-image-preview:large, max-video-preview:-1\" \/>\n<link rel=\"canonical\" href=\"https:\/\/geme.bk-casino10.top\/\" \/>\n<meta property=\"og:locale\" content=\"ru_RU\" \/>\n<meta property=\"og:type\" content=\"article\" \/>\n<meta property=\"og:title\" content=\"1xbet Yukle AZ \u2b50 iOS &amp; Android APK\" \/>\n<meta property=\"og:description\" content=\"1xBet Az\u0259rbaycan r\u0259smi sayt \u2013 y\u00fcks\u0259k \u0259msall\u0131 idman m\u0259rcl\u0259ri, 5000+ slot v\u0259 canl\u0131 kazino. AZN il\u0259 s\u00fcr\u0259tli depozit v\u0259 \u00e7\u0131xar\u0131\u015f (15 d\u0259q.\u201324 saat), ilk depozit\u0259 100% bonus, g\u00fczg\u00fc giri\u015f v\u0259 24\/7 Az\u0259rbaycan dilind\u0259 d\u0259st\u0259k\" \/>\n<meta property=\"og:url\" content=\"https:\/\/geme.bk-casino10.top\/\" \/>\n<meta property=\"og:site_name\" content=\"bk-casino10.top\" \/>\n<meta property=\"article:modified_time\" content=\"2026-02-25T12:27:17+00:00\" \/>\n<script type=\"application\/ld+json\" class=\"yoast-schema-graph\">{\"@context\":\"https:\/\/schema.org\",\"@graph\":[{\"@type\":\"WebPage\",\"@id\":\"https:\/\/bk-casino10.top\/\",\"url\":\"https:\/\/geme.bk-casino10.top\/\",\"name\":\"1xbet Yukle AZ \u2b50 iOS & Android APK\",\"isPartOf\":{\"@id\":\"https:\/\/bk-casino10.top\/#website\"},\"datePublished\":\"2026-02-20T07:44:26+00:00\",\"dateModified\":\"2026-02-25T12:27:17+00:00\",\"description\":\"1xBet Az\u0259rbaycan r\u0259smi sayt \u2013 y\u00fcks\u0259k \u0259msall\u0131 idman m\u0259rcl\u0259ri, 5000+ slot v\u0259 canl\u0131 kazino. AZN il\u0259 s\u00fcr\u0259tli depozit v\u0259 \u00e7\u0131xar\u0131\u015f (15 d\u0259q.\u201324 saat), ilk depozit\u0259 100% bonus, g\u00fczg\u00fc giri\u015f v\u0259 24\/7 Az\u0259rbaycan dilind\u0259 d\u0259st\u0259k\",\"breadcrumb\":{\"@id\":\"https:\/\/geme.bk-casino10.top\/#breadcrumb\"},\"inLanguage\":\"ru-RU\",\"potentialAction\":[{\"@type\":\"ReadAction\",\"target\":[\"https:\/\/geme.bk-casino10.top\/\"]}]},{\"@type\":\"BreadcrumbList\",\"@id\":\"https:\/\/geme.bk-casino10.top\/#breadcrumb\",\"itemListElement\":[{\"@type\":\"ListItem\",\"position\":1,\"name\":\"Home\",\"item\":\"https:\/\/bk-casino10.top\/\"},{\"@type\":\"ListItem\",\"position\":2,\"name\":\"AZ main\"}]},{\"@type\":\"WebSite\",\"@id\":\"https:\/\/bk-casino10.top\/#website\",\"url\":\"https:\/\/bk-casino10.top\/\",\"name\":\"bk-casino10.top\",\"description\":\"\",\"potentialAction\":[{\"@type\":\"SearchAction\",\"target\":{\"@type\":\"EntryPoint\",\"urlTemplate\":\"https:\/\/bk-casino10.top\/?s={search_term_string}\"},\"query-input\":{\"@type\":\"PropertyValueSpecification\",\"valueRequired\":true,\"valueName\":\"search_term_string\"}}],\"inLanguage\":\"ru-RU\"}]}<\/script>\n<!-- \/ Yoast SEO plugin. -->","yoast_head_json":{"title":"1xbet Yukle AZ \u2b50 iOS & Android APK","description":"1xBet Az\u0259rbaycan r\u0259smi sayt \u2013 y\u00fcks\u0259k \u0259msall\u0131 idman m\u0259rcl\u0259ri, 5000+ slot v\u0259 canl\u0131 kazino. AZN il\u0259 s\u00fcr\u0259tli depozit v\u0259 \u00e7\u0131xar\u0131\u015f (15 d\u0259q.\u201324 saat), ilk depozit\u0259 100% bonus, g\u00fczg\u00fc giri\u015f v\u0259 24\/7 Az\u0259rbaycan dilind\u0259 d\u0259st\u0259k","robots":{"index":"index","follow":"follow","max-snippet":"max-snippet:-1","max-image-preview":"max-image-preview:large","max-video-preview":"max-video-preview:-1"},"canonical":"https:\/\/geme.bk-casino10.top\/","og_locale":"ru_RU","og_type":"article","og_title":"1xbet Yukle AZ \u2b50 iOS & Android APK","og_description":"1xBet Az\u0259rbaycan r\u0259smi sayt \u2013 y\u00fcks\u0259k \u0259msall\u0131 idman m\u0259rcl\u0259ri, 5000+ slot v\u0259 canl\u0131 kazino. AZN il\u0259 s\u00fcr\u0259tli depozit v\u0259 \u00e7\u0131xar\u0131\u015f (15 d\u0259q.\u201324 saat), ilk depozit\u0259 100% bonus, g\u00fczg\u00fc giri\u015f v\u0259 24\/7 Az\u0259rbaycan dilind\u0259 d\u0259st\u0259k","og_url":"https:\/\/geme.bk-casino10.top\/","og_site_name":"bk-casino10.top","article_modified_time":"2026-02-25T12:27:17+00:00","schema":{"@context":"https:\/\/schema.org","@graph":[{"@type":"WebPage","@id":"https:\/\/bk-casino10.top\/","url":"https:\/\/geme.bk-casino10.top\/","name":"1xbet Yukle AZ \u2b50 iOS & Android APK","isPartOf":{"@id":"https:\/\/bk-casino10.top\/#website"},"datePublished":"2026-02-20T07:44:26+00:00","dateModified":"2026-02-25T12:27:17+00:00","description":"1xBet Az\u0259rbaycan r\u0259smi sayt \u2013 y\u00fcks\u0259k \u0259msall\u0131 idman m\u0259rcl\u0259ri, 5000+ slot v\u0259 canl\u0131 kazino. AZN il\u0259 s\u00fcr\u0259tli depozit v\u0259 \u00e7\u0131xar\u0131\u015f (15 d\u0259q.\u201324 saat), ilk depozit\u0259 100% bonus, g\u00fczg\u00fc giri\u015f v\u0259 24\/7 Az\u0259rbaycan dilind\u0259 d\u0259st\u0259k","breadcrumb":{"@id":"https:\/\/geme.bk-casino10.top\/#breadcrumb"},"inLanguage":"ru-RU","potentialAction":[{"@type":"ReadAction","target":["https:\/\/geme.bk-casino10.top\/"]}]},{"@type":"BreadcrumbList","@id":"https:\/\/geme.bk-casino10.top\/#breadcrumb","itemListElement":[{"@type":"ListItem","position":1,"name":"Home","item":"https:\/\/bk-casino10.top\/"},{"@type":"ListItem","position":2,"name":"AZ main"}]},{"@type":"WebSite","@id":"https:\/\/bk-casino10.top\/#website","url":"https:\/\/bk-casino10.top\/","name":"bk-casino10.top","description":"","potentialAction":[{"@type":"SearchAction","target":{"@type":"EntryPoint","urlTemplate":"https:\/\/bk-casino10.top\/?s={search_term_string}"},"query-input":{"@type":"PropertyValueSpecification","valueRequired":true,"valueName":"search_term_string"}}],"inLanguage":"ru-RU"}]}},"amp_enabled":true,"_links":{"self":[{"href":"https:\/\/bk-casino10.top\/wp-json\/wp\/v2\/pages\/1589","targetHints":{"allow":["GET"]}}],"collection":[{"href":"https:\/\/bk-casino10.top\/wp-json\/wp\/v2\/pages"}],"about":[{"href":"https:\/\/bk-casino10.top\/wp-json\/wp\/v2\/types\/page"}],"author":[{"embeddable":true,"href":"https:\/\/bk-casino10.top\/wp-json\/wp\/v2\/users\/1"}],"replies":[{"embeddable":true,"href":"https:\/\/bk-casino10.top\/wp-json\/wp\/v2\/comments?post=1589"}],"version-history":[{"count":65,"href":"https:\/\/bk-casino10.top\/wp-json\/wp\/v2\/pages\/1589\/revisions"}],"predecessor-version":[{"id":2588,"href":"https:\/\/bk-casino10.top\/wp-json\/wp\/v2\/pages\/1589\/revisions\/2588"}],"wp:attachment":[{"href":"https:\/\/bk-casino10.top\/wp-json\/wp\/v2\/media?parent=1589"}],"curies":[{"name":"wp","href":"https:\/\/api.w.org\/{rel}","templated":true}]}}